{"id":1081,"date":"2026-03-20T16:17:02","date_gmt":"2026-03-20T16:17:02","guid":{"rendered":"https:\/\/ventaverapartners.com\/?page_id=1081"},"modified":"2026-03-20T18:10:10","modified_gmt":"2026-03-20T18:10:10","slug":"politica-de-privacidad","status":"publish","type":"page","link":"https:\/\/ventaverapartners.com\/en\/politica-de-privacidad\/","title":{"rendered":"Privacy policy"},"content":{"rendered":"<div data-elementor-type=\"wp-page\" data-elementor-id=\"1081\" class=\"elementor elementor-1081\">\n\t\t\t\t<div class=\"elementor-element elementor-element-55b58271 e-flex e-con-boxed e-con e-parent\" data-id=\"55b58271\" data-element_type=\"container\" data-e-type=\"container\">\n\t\t\t\t\t<div class=\"e-con-inner\">\n\t\t\t\t<div class=\"elementor-element elementor-element-c38f26d elementor-widget elementor-widget-heading\" data-id=\"c38f26d\" data-element_type=\"widget\" data-e-type=\"widget\" data-widget_type=\"heading.default\">\n\t\t\t\t\t<h2 class=\"elementor-heading-title elementor-size-default\">Privacy policy<\/h2>\t\t\t\t<\/div>\n\t\t\t\t<div class=\"elementor-element elementor-element-5f73b560 elementor-widget elementor-widget-text-editor\" data-id=\"5f73b560\" data-element_type=\"widget\" data-e-type=\"widget\" data-widget_type=\"text-editor.default\">\n\t\t\t\t\t\t\t\t\t\n<p>Responsable:<br \/>VENTAVERA<br \/>Email: voguilera@gmail.com<\/p>\n\n<p>Finalidad:<br \/>Recoger y gestionar los datos enviados por los usuarios a trav\u00e9s de formularios con el fin de ofrecer informaci\u00f3n y servicios.<\/p>\n\n<p>Legitimaci\u00f3n:<br \/>Consentimiento del usuario al enviar sus datos.<\/p>\n\n<p>Datos recogidos:<br \/>Nombre, email, empresa y cualquier informaci\u00f3n proporcionada en los formularios.<\/p>\n\n<p>Conservaci\u00f3n:<br \/>Los datos se conservar\u00e1n mientras exista una relaci\u00f3n o hasta que el usuario solicite su eliminaci\u00f3n.<\/p>\n\n<p>Derechos:<br \/>El usuario puede ejercer sus derechos de acceso, rectificaci\u00f3n o eliminaci\u00f3n enviando un email a voguilera@gmail.com<\/p>\n\n<p>Seguridad:<br \/>Se aplican medidas de seguridad para proteger los datos personales.<\/p>\n\n<p>Cesi\u00f3n de datos:<br \/>No se ceder\u00e1n datos a terceros salvo obligaci\u00f3n legal.<\/p>\n\n<p>\u00a0<\/p>\n\t\t\t\t\t\t\t\t<\/div>\n\t\t\t\t\t<\/div>\n\t\t\t\t<\/div>\n\t\t<div class=\"elementor-element elementor-element-63983f12 e-con-full footer-ventavera e-flex e-con e-parent\" data-id=\"63983f12\" data-element_type=\"container\" data-e-type=\"container\">\n\t\t<div class=\"elementor-element elementor-element-62285425 e-flex e-con-boxed e-con e-child\" data-id=\"62285425\" data-element_type=\"container\" data-e-type=\"container\">\n\t\t\t\t\t<div class=\"e-con-inner\">\n\t\t<div class=\"elementor-element elementor-element-907cb32 e-con-full e-flex e-con e-child\" data-id=\"907cb32\" data-element_type=\"container\" data-e-type=\"container\">\n\t\t<div class=\"elementor-element elementor-element-6e137aef e-con-full e-flex e-con e-child\" data-id=\"6e137aef\" data-element_type=\"container\" data-e-type=\"container\">\n\t\t\t\t<div class=\"elementor-element elementor-element-7802683f elementor-widget elementor-widget-heading\" data-id=\"7802683f\" data-element_type=\"widget\" data-e-type=\"widget\" data-widget_type=\"heading.default\">\n\t\t\t\t\t<h3 class=\"elementor-heading-title elementor-size-default\">Ventavera<\/h3>\t\t\t\t<\/div>\n\t\t\t\t<div class=\"elementor-element elementor-element-6114afd8 elementor-widget__width-initial elementor-widget elementor-widget-text-editor\" data-id=\"6114afd8\" data-element_type=\"widget\" data-e-type=\"widget\" data-widget_type=\"text-editor.default\">\n\t\t\t\t\t\t\t\t\t<p>We connect businesses with specialized partners to find technology solutions quickly and efficiently.<\/p>\t\t\t\t\t\t\t\t<\/div>\n\t\t\t\t<\/div>\n\t\t<div class=\"elementor-element elementor-element-1337b0e9 e-con-full e-flex e-con e-child\" data-id=\"1337b0e9\" data-element_type=\"container\" data-e-type=\"container\">\n\t\t\t\t<div class=\"elementor-element elementor-element-771c6db0 elementor-widget elementor-widget-heading\" data-id=\"771c6db0\" data-element_type=\"widget\" data-e-type=\"widget\" data-widget_type=\"heading.default\">\n\t\t\t\t\t<h3 class=\"elementor-heading-title elementor-size-default\">Quick links<\/h3>\t\t\t\t<\/div>\n\t\t\t\t<div class=\"elementor-element elementor-element-1a0dcafb elementor-widget__width-initial elementor-widget elementor-widget-text-editor\" data-id=\"1a0dcafb\" data-element_type=\"widget\" data-e-type=\"widget\" data-widget_type=\"text-editor.default\">\n\t\t\t\t\t\t\t\t\t<p><span style=\"color: #ffffff;\"><a style=\"color: #ffffff;\" href=\"https:\/\/ventaverapartners.com\/en\/\">Home<\/a><\/span><\/p><p><span style=\"color: #ffffff;\"><a style=\"color: #ffffff;\" href=\"https:\/\/ventaverapartners.com\/en\/para-empresas\/\">For business<\/a><\/span><\/p><p><span style=\"color: #ffffff;\"><a style=\"color: #ffffff;\" href=\"https:\/\/ventaverapartners.com\/en\/buscar-soluciones\/\">Find solutions<\/a><\/span><\/p><p><span style=\"color: #ffffff;\"><a style=\"color: #ffffff;\" href=\"https:\/\/ventaverapartners.com\/en\/contacto\/\">Contact<\/a><\/span><\/p>\t\t\t\t\t\t\t\t<\/div>\n\t\t\t\t<\/div>\n\t\t<div class=\"elementor-element elementor-element-4920e3cf e-con-full e-flex e-con e-child\" data-id=\"4920e3cf\" data-element_type=\"container\" data-e-type=\"container\">\n\t\t\t\t<div class=\"elementor-element elementor-element-4cb66dbc elementor-widget elementor-widget-heading\" data-id=\"4cb66dbc\" data-element_type=\"widget\" data-e-type=\"widget\" data-widget_type=\"heading.default\">\n\t\t\t\t\t<h3 class=\"elementor-heading-title elementor-size-default\">Legal<\/h3>\t\t\t\t<\/div>\n\t\t\t\t<div class=\"elementor-element elementor-element-27f81b03 elementor-widget elementor-widget-text-editor\" data-id=\"27f81b03\" data-element_type=\"widget\" data-e-type=\"widget\" data-widget_type=\"text-editor.default\">\n\t\t\t\t\t\t\t\t\t<p><span style=\"color: #ffffff;\"><a style=\"color: #ffffff;\" href=\"https:\/\/ventaverapartners.com\/en\/aviso-legal\/\">Legal notice<\/a><\/span><\/p>\n<p><span style=\"color: #ffffff;\"><a style=\"color: #ffffff;\" href=\"https:\/\/ventaverapartners.com\/en\/politica-de-privacidad\/\">Privacy policy<\/a><\/span><\/p>\n<p><span style=\"color: #ffffff;\"><a style=\"color: #ffffff;\" href=\"https:\/\/ventaverapartners.com\/en\/politica-de-cookies\/\">Cookie policy<\/a><\/span><\/p>\t\t\t\t\t\t\t\t<\/div>\n\t\t\t\t<\/div>\n\t\t\t\t<\/div>\n\t\t\t\t<div class=\"elementor-element elementor-element-306f5cb1 elementor-widget-divider--view-line elementor-widget elementor-widget-divider\" data-id=\"306f5cb1\" data-element_type=\"widget\" data-e-type=\"widget\" data-widget_type=\"divider.default\">\n\t\t\t\t\t\t\t<div class=\"elementor-divider\">\n\t\t\t<span class=\"elementor-divider-separator\">\n\t\t\t\t\t\t<\/span>\n\t\t<\/div>\n\t\t\t\t\t\t<\/div>\n\t\t\t\t<div class=\"elementor-element elementor-element-79ba142c elementor-widget elementor-widget-text-editor\" data-id=\"79ba142c\" data-element_type=\"widget\" data-e-type=\"widget\" data-widget_type=\"text-editor.default\">\n\t\t\t\t\t\t\t\t\t<p>\u00a9 2026 Ventavera \u2014 All rights reserved<\/p>\t\t\t\t\t\t\t\t<\/div>\n\t\t\t\t\t<\/div>\n\t\t\t\t<\/div>\n\t\t\t\t<\/div>\n\t\t\t\t<\/div>","protected":false},"excerpt":{"rendered":"<p>Pol\u00edtica de privacidad Responsable:VENTAVERAEmail: voguilera@gmail.com Finalidad:Recoger y gestionar los datos enviados por los usuarios a trav\u00e9s de formularios con el [&hellip;]<\/p>\n","protected":false},"author":1,"featured_media":0,"parent":0,"menu_order":0,"comment_status":"closed","ping_status":"closed","template":"","meta":{"site-sidebar-layout":"default","site-content-layout":"","ast-site-content-layout":"default","site-content-style":"default","site-sidebar-style":"default","ast-global-header-display":"","ast-banner-title-visibility":"","ast-main-header-display":"","ast-hfb-above-header-display":"","ast-hfb-below-header-display":"","ast-hfb-mobile-header-display":"","site-post-title":"","ast-breadcrumbs-content":"","ast-featured-img":"","footer-sml-layout":"","ast-disable-related-posts":"","theme-transparent-header-meta":"","adv-header-id-meta":"","stick-header-meta":"","header-above-stick-meta":"","header-main-stick-meta":"","header-below-stick-meta":"","astra-migrate-meta-layouts":"default","ast-page-background-enabled":"default","ast-page-background-meta":{"desktop":{"background-color":"var(--ast-global-color-5)","background-image":"","background-repeat":"repeat","background-position":"center center","background-size":"auto","background-attachment":"scroll","background-type":"","background-media":"","overlay-type":"","overlay-color":"","overlay-opacity":"","overlay-gradient":""},"tablet":{"background-color":"","background-image":"","background-repeat":"repeat","background-position":"center center","background-size":"auto","background-attachment":"scroll","background-type":"","background-media":"","overlay-type":"","overlay-color":"","overlay-opacity":"","overlay-gradient":""},"mobile":{"background-color":"","background-image":"","background-repeat":"repeat","background-position":"center center","background-size":"auto","background-attachment":"scroll","background-type":"","background-media":"","overlay-type":"","overlay-color":"","overlay-opacity":"","overlay-gradient":""}},"ast-content-background-meta":{"desktop":{"background-color":"var(--ast-global-color-4)","background-image":"","background-repeat":"repeat","background-position":"center center","background-size":"auto","background-attachment":"scroll","background-type":"","background-media":"","overlay-type":"","overlay-color":"","overlay-opacity":"","overlay-gradient":""},"tablet":{"background-color":"var(--ast-global-color-4)","background-image":"","background-repeat":"repeat","background-position":"center center","background-size":"auto","background-attachment":"scroll","background-type":"","background-media":"","overlay-type":"","overlay-color":"","overlay-opacity":"","overlay-gradient":""},"mobile":{"background-color":"var(--ast-global-color-4)","background-image":"","background-repeat":"repeat","background-position":"center center","background-size":"auto","background-attachment":"scroll","background-type":"","background-media":"","overlay-type":"","overlay-color":"","overlay-opacity":"","overlay-gradient":""}},"footnotes":""},"class_list":["post-1081","page","type-page","status-publish","hentry"],"_hostinger_reach_plugin_has_subscription_block":false,"_hostinger_reach_plugin_is_elementor":false,"_links":{"self":[{"href":"https:\/\/ventaverapartners.com\/en\/wp-json\/wp\/v2\/pages\/1081","targetHints":{"allow":["GET"]}}],"collection":[{"href":"https:\/\/ventaverapartners.com\/en\/wp-json\/wp\/v2\/pages"}],"about":[{"href":"https:\/\/ventaverapartners.com\/en\/wp-json\/wp\/v2\/types\/page"}],"author":[{"embeddable":true,"href":"https:\/\/ventaverapartners.com\/en\/wp-json\/wp\/v2\/users\/1"}],"replies":[{"embeddable":true,"href":"https:\/\/ventaverapartners.com\/en\/wp-json\/wp\/v2\/comments?post=1081"}],"version-history":[{"count":19,"href":"https:\/\/ventaverapartners.com\/en\/wp-json\/wp\/v2\/pages\/1081\/revisions"}],"predecessor-version":[{"id":1194,"href":"https:\/\/ventaverapartners.com\/en\/wp-json\/wp\/v2\/pages\/1081\/revisions\/1194"}],"wp:attachment":[{"href":"https:\/\/ventaverapartners.com\/en\/wp-json\/wp\/v2\/media?parent=1081"}],"curies":[{"name":"wp","href":"https:\/\/api.w.org\/{rel}","templated":true}]}}